{"id":4482,"date":"2024-02-15T16:55:15","date_gmt":"2024-02-15T09:55:15","guid":{"rendered":"https:\/\/www.global-solidor.com\/?page_id=4482"},"modified":"2026-02-12T15:45:35","modified_gmt":"2026-02-12T08:45:35","slug":"main","status":"publish","type":"page","link":"https:\/\/www.global-solidor.com\/de\/","title":{"rendered":""},"content":{"rendered":"<h1>Willkommen zu Global Solidor Enterprise,<\/h1>\n<div class=\"su-spacer\" style=\"height:20px\"><\/div>\n<h4>Der offiziellen Webseite von Global Solidor Enterprise und Mitglied der German-Thai Group.<\/h4>\n<div class=\"su-spacer\" style=\"height:40px\"><\/div>\n<h2>Erstklassiger Service seit 1986.<\/h2>\n<div class=\"su-spacer\" style=\"height:20px\"><\/div>\n<p><strong>Global Solidor Enterprise<\/strong> ist ein langj\u00e4hriger Partner der <a href=\"https:\/\/german-thai.com\/\"><strong>German-Thai Group<\/strong><\/a>. Mit mehr als 30 Jahren Erfahrung decken wir viele verschiedene Dienstleistungsbereiche ab. Unser Schwerpunkt liegt in den Bereichen Rechtswesen, Versicherungen und Immobilien. Zusammen mit unseren Anw\u00e4lten der German-Thai Group k\u00f6nnen wir eine effektive <a href=\"https:\/\/www.global-solidor.com\/legal-services\/\" target=\"_blank\" rel=\"noopener noreferrer\">Rechtsberatung<\/a> anbieten. Unsere Experten beraten Sie kompetent und beantworten Fragen zu Ihren Rechten und Pflichten. Zus\u00e4tzlich bieten wir eine Reihe von Buchhaltungs- und Beratungsdienstleistungen an.<\/p>\n<div class=\"su-spacer\" style=\"height:20px\"><\/div>\n<p><a href=\"https:\/\/global-solidor-insurance.com\/\"><strong>Global Solidor Insurance<\/strong><\/a> hat ein gro\u00dfes Portfolio an Versicherungsunternehmen. W\u00e4hlen und vergleichen Sie von mehr als 20 verschiedenen Versicherungsfirmen. Wir sind in der Lage, die beste Police f\u00fcr Ihre Anforderungen zu finden. Wir bieten jede Art von Versicherung an, einschlie\u00dflich Fahrzeug Versicherung, Krankenversicherung, Geb\u00e4udeversicherung, Haftpflichtversicherung, Unfallversicherung und Reiseversicherung (und mehr).<\/p>\n<div class=\"su-spacer\" style=\"height:20px\"><\/div>\n<p><a href=\"https:\/\/www.global-solidor.com\/global-solidor-property\/\"><strong>Global Solidor Property<\/strong><\/a> ist unsere exklusive Immobilienabteilung. Wir verf\u00fcgen \u00fcber viele Objekte an der Ostk\u00fcste Thailands. Ob zur Miete oder zum Kauf \u2013 wir k\u00f6nnen Ihnen helfen, die perfekte Immobilie f\u00fcr Sie zu finden. Wenn Sie Ihr Haus, Wohnung, Gesch\u00e4ft oder Grundst\u00fcck in Thailand verkaufen m\u00f6chten, k\u00f6nnen wir Sie dabei unterst\u00fctzen.<\/p>\n<div class=\"su-spacer\" style=\"height:80px\"><\/div>\n<div class=\"su-button-center\"><a href=\"tel:+6638427365\" class=\"su-button su-button-style-default\" style=\"color:#FFFFFF;background-color:#2D89EF;border-color:#246ec0;border-radius:18px;-moz-border-radius:18px;-webkit-border-radius:18px\" target=\"_blank\" rel=\"noopener noreferrer\"><span style=\"color:#FFFFFF;padding:12px 42px;font-size:30px;line-height:45px;border-color:#6cadf4;border-radius:18px;-moz-border-radius:18px;-webkit-border-radius:18px;text-shadow:none;-moz-text-shadow:none;-webkit-text-shadow:none\"><i class=\"sui sui-phone\" style=\"font-size:30px;color:#FFFFFF\"><\/i> +66 (0) 38 427 365<\/span><\/a><\/div>\n<div class=\"su-spacer\" style=\"height:80px\"><\/div>","protected":false},"excerpt":{"rendered":"<p>Willkommen zu Global Solidor Enterprise, Der offiziellen Webseite von Global Solidor Enterprise und Mitglied der German-Thai Group. Erstklassiger Service seit 1986. Global Solidor Enterprise ist ein langj\u00e4hriger Partner der German-Thai Group. Mit mehr als 30 Jahren Erfahrung decken wir viele verschiedene Dienstleistungsbereiche ab. Unser Schwerpunkt liegt in den Bereichen Rechtswesen, Versicherungen und Immobilien. Zusammen mit [&hellip;]<\/p>\n","protected":false},"author":9,"featured_media":0,"parent":0,"menu_order":0,"comment_status":"closed","ping_status":"closed","template":"","meta":{"_acf_changed":false,"om_disable_all_campaigns":false,"_monsterinsights_skip_tracking":false,"_monsterinsights_sitenote_active":false,"_monsterinsights_sitenote_note":"","_monsterinsights_sitenote_category":0,"_uf_show_specific_survey":0,"_uf_disable_surveys":false,"footnotes":""},"acf":[],"aioseo_notices":[],"yoast_head":"<!-- This site is optimized with the Yoast SEO plugin v19.9 - https:\/\/yoast.com\/wordpress\/plugins\/seo\/ -->\n<title>Global Solidor Enterprise - Legal - Insurance - Real Estate<\/title>\n<meta name=\"description\" content=\"Global Solidor Enterprise is member of the German-Thai Group. We provide Legal &amp; Notary services, Insurance services and Real Estate consultation.\" \/>\n<meta name=\"robots\" content=\"noindex, follow\" \/>\n<meta property=\"og:locale\" content=\"de_DE\" \/>\n<meta property=\"og:type\" content=\"article\" \/>\n<meta property=\"og:title\" content=\"Global Solidor Enterprise - Legal - Insurance - Real Estate\" \/>\n<meta property=\"og:description\" content=\"Global Solidor Enterprise is member of the German-Thai Group. We provide Legal &amp; Notary services, Insurance services and Real Estate consultation.\" \/>\n<meta property=\"og:url\" content=\"https:\/\/www.global-solidor.com\/de\/\" \/>\n<meta property=\"og:site_name\" content=\"RECHTSWESEN | VERSICHERUNGEN | IMMOBILIEN\" \/>\n<meta property=\"article:publisher\" content=\"https:\/\/www.facebook.com\/globalsolidor\/\" \/>\n<meta property=\"article:modified_time\" content=\"2026-02-12T08:45:35+00:00\" \/>\n<meta name=\"twitter:card\" content=\"summary_large_image\" \/>\n<meta name=\"twitter:label1\" content=\"Gesch\u00e4tzte Lesezeit\" \/>\n\t<meta name=\"twitter:data1\" content=\"4\u00a0Minuten\" \/>\n<script type=\"application\/ld+json\" class=\"yoast-schema-graph\">{\"@context\":\"https:\/\/schema.org\",\"@graph\":[{\"@type\":\"WebPage\",\"@id\":\"https:\/\/www.global-solidor.com\/de\/\",\"url\":\"https:\/\/www.global-solidor.com\/de\/\",\"name\":\"Global Solidor Enterprise - Legal - Insurance - Real Estate\",\"isPartOf\":{\"@id\":\"https:\/\/www.global-solidor.com\/de\/#website\"},\"datePublished\":\"2024-02-15T09:55:15+00:00\",\"dateModified\":\"2026-02-12T08:45:35+00:00\",\"description\":\"Global Solidor Enterprise is member of the German-Thai Group. We provide Legal & Notary services, Insurance services and Real Estate consultation.\",\"inLanguage\":\"de\",\"potentialAction\":[{\"@type\":\"ReadAction\",\"target\":[[\"https:\/\/www.global-solidor.com\/de\/\"]]}]},{\"@type\":\"WebSite\",\"@id\":\"https:\/\/www.global-solidor.com\/de\/#website\",\"url\":\"https:\/\/www.global-solidor.com\/de\/\",\"name\":\"Real Estate Broker & Consultancy\",\"description\":\"Mitglied der GERMAN-THAI GROUP\",\"publisher\":{\"@id\":\"https:\/\/www.global-solidor.com\/de\/#organization\"},\"potentialAction\":[{\"@type\":\"SearchAction\",\"target\":{\"@type\":\"EntryPoint\",\"urlTemplate\":\"https:\/\/www.global-solidor.com\/de\/?s={search_term_string}\"},\"query-input\":\"required name=search_term_string\"}],\"inLanguage\":\"de\"},{\"@type\":\"Organization\",\"@id\":\"https:\/\/www.global-solidor.com\/de\/#organization\",\"name\":\"Global Solidor Property\",\"url\":\"https:\/\/www.global-solidor.com\/de\/\",\"logo\":{\"@type\":\"ImageObject\",\"inLanguage\":\"de\",\"@id\":\"https:\/\/www.global-solidor.com\/de\/#\/schema\/logo\/image\/\",\"url\":\"https:\/\/www.global-solidor.com\/wp-content\/uploads\/2018\/09\/gse_property_02-04-14_900x138.png\",\"contentUrl\":\"https:\/\/www.global-solidor.com\/wp-content\/uploads\/2018\/09\/gse_property_02-04-14_900x138.png\",\"width\":900,\"height\":138,\"caption\":\"Global Solidor Property\"},\"image\":{\"@id\":\"https:\/\/www.global-solidor.com\/de\/#\/schema\/logo\/image\/\"},\"sameAs\":[\"https:\/\/www.facebook.com\/globalsolidor\/\"]}]}<\/script>\n<!-- \/ Yoast SEO plugin. -->","yoast_head_json":{"title":"Global Solidor Enterprise - Legal - Insurance - Real Estate","description":"Global Solidor Enterprise is member of the German-Thai Group. We provide Legal & Notary services, Insurance services and Real Estate consultation.","robots":{"index":"noindex","follow":"follow"},"og_locale":"de_DE","og_type":"article","og_title":"Global Solidor Enterprise - Legal - Insurance - Real Estate","og_description":"Global Solidor Enterprise is member of the German-Thai Group. We provide Legal & Notary services, Insurance services and Real Estate consultation.","og_url":"https:\/\/www.global-solidor.com\/de\/","og_site_name":"RECHTSWESEN | VERSICHERUNGEN | IMMOBILIEN","article_publisher":"https:\/\/www.facebook.com\/globalsolidor\/","article_modified_time":"2026-02-12T08:45:35+00:00","twitter_card":"summary_large_image","twitter_misc":{"Gesch\u00e4tzte Lesezeit":"4\u00a0Minuten"},"schema":{"@context":"https:\/\/schema.org","@graph":[{"@type":"WebPage","@id":"https:\/\/www.global-solidor.com\/de\/","url":"https:\/\/www.global-solidor.com\/de\/","name":"Global Solidor Enterprise - Legal - Insurance - Real Estate","isPartOf":{"@id":"https:\/\/www.global-solidor.com\/de\/#website"},"datePublished":"2024-02-15T09:55:15+00:00","dateModified":"2026-02-12T08:45:35+00:00","description":"Global Solidor Enterprise is member of the German-Thai Group. We provide Legal & Notary services, Insurance services and Real Estate consultation.","inLanguage":"de","potentialAction":[{"@type":"ReadAction","target":[["https:\/\/www.global-solidor.com\/de\/"]]}]},{"@type":"WebSite","@id":"https:\/\/www.global-solidor.com\/de\/#website","url":"https:\/\/www.global-solidor.com\/de\/","name":"Real Estate Broker & Consultancy","description":"Mitglied der GERMAN-THAI GROUP","publisher":{"@id":"https:\/\/www.global-solidor.com\/de\/#organization"},"potentialAction":[{"@type":"SearchAction","target":{"@type":"EntryPoint","urlTemplate":"https:\/\/www.global-solidor.com\/de\/?s={search_term_string}"},"query-input":"required name=search_term_string"}],"inLanguage":"de"},{"@type":"Organization","@id":"https:\/\/www.global-solidor.com\/de\/#organization","name":"Global Solidor Property","url":"https:\/\/www.global-solidor.com\/de\/","logo":{"@type":"ImageObject","inLanguage":"de","@id":"https:\/\/www.global-solidor.com\/de\/#\/schema\/logo\/image\/","url":"https:\/\/www.global-solidor.com\/wp-content\/uploads\/2018\/09\/gse_property_02-04-14_900x138.png","contentUrl":"https:\/\/www.global-solidor.com\/wp-content\/uploads\/2018\/09\/gse_property_02-04-14_900x138.png","width":900,"height":138,"caption":"Global Solidor Property"},"image":{"@id":"https:\/\/www.global-solidor.com\/de\/#\/schema\/logo\/image\/"},"sameAs":["https:\/\/www.facebook.com\/globalsolidor\/"]}]}},"_links":{"self":[{"href":"https:\/\/www.global-solidor.com\/de\/wp-json\/wp\/v2\/pages\/4482"}],"collection":[{"href":"https:\/\/www.global-solidor.com\/de\/wp-json\/wp\/v2\/pages"}],"about":[{"href":"https:\/\/www.global-solidor.com\/de\/wp-json\/wp\/v2\/types\/page"}],"author":[{"embeddable":true,"href":"https:\/\/www.global-solidor.com\/de\/wp-json\/wp\/v2\/users\/9"}],"replies":[{"embeddable":true,"href":"https:\/\/www.global-solidor.com\/de\/wp-json\/wp\/v2\/comments?post=4482"}],"version-history":[{"count":24,"href":"https:\/\/www.global-solidor.com\/de\/wp-json\/wp\/v2\/pages\/4482\/revisions"}],"predecessor-version":[{"id":5162,"href":"https:\/\/www.global-solidor.com\/de\/wp-json\/wp\/v2\/pages\/4482\/revisions\/5162"}],"wp:attachment":[{"href":"https:\/\/www.global-solidor.com\/de\/wp-json\/wp\/v2\/media?parent=4482"}],"curies":[{"name":"wp","href":"https:\/\/api.w.org\/{rel}","templated":true}]}}