{"id":4493,"date":"2024-02-15T17:25:08","date_gmt":"2024-02-15T10:25:08","guid":{"rendered":"https:\/\/www.global-solidor.com\/?page_id=4493"},"modified":"2024-04-11T11:24:08","modified_gmt":"2024-04-11T04:24:08","slug":"thailand-elite","status":"publish","type":"page","link":"https:\/\/www.global-solidor.com\/de\/thailand-elite\/","title":{"rendered":"THAILAND ELITE CARD"},"content":{"rendered":"Leider ist der Eintrag nur auf Amerikanisches Englisch verf\u00fcgbar. Der Inhalt wird unten in einer verf\u00fcgbaren Sprache angezeigt. Klicken Sie auf den Link, um die aktuelle Sprache zu \u00e4ndern.<\/p>\n<h2>Thailand Elite Residence Program<\/h2>\n<div class=\"su-spacer\" style=\"height:20px\"><\/div>\nThe Thailand Elite Residence Program offers you the opportunity to obtain a long-term multiple entry visa and affords you the right to live in the country for up to 20 years. Thailand Elite offers seven program options, each with a selection of additional complimentary services and benefits.<\/p>\n<div class=\"su-list\" style=\"margin-left:0px\"><div class=\"su-list\" style=\"margin-left:0px\"><\/div>\n<ul>\n<li><img decoding=\"async\" src=\"https:\/\/www.global-solidor.com\/wp-content\/uploads\/2019\/03\/GTG-Logo-512x512-blue.png\" alt=\"\" \/> A long-term privilege entry visa that allows you to reside in the country throughout the visa validity<\/li>\n<li><img decoding=\"async\" src=\"https:\/\/www.global-solidor.com\/wp-content\/uploads\/2019\/03\/GTG-Logo-512x512-blue.png\" alt=\"\" \/> A multiple entry visa with no minimum stay requirements<\/li>\n<li><img decoding=\"async\" src=\"https:\/\/www.global-solidor.com\/wp-content\/uploads\/2019\/03\/GTG-Logo-512x512-blue.png\" alt=\"\" \/> Tax incentives for those residing in the country<\/li>\n<li><img decoding=\"async\" src=\"https:\/\/www.global-solidor.com\/wp-content\/uploads\/2019\/03\/GTG-Logo-512x512-blue.png\" alt=\"\" \/> Access to numerous benefits and discounts across Thailand<\/li>\n<\/ul>\n<\/div>\n<div class=\"su-spacer\" style=\"height:40px\"><\/div>\n<h3><strong>What is Thailand Elite Program?<\/strong><\/h3>\n<p>The Thailand Elite program is a government project that, ultimately, aims to promote tourism in the country. To convince more people to come into Thailand for leisure purposes, the government created the Thailand Elite to give foreigners exclusive perks for coming to stay in Thailand for both the short-term and the long term.<\/p>\n<p>As members of the program, foreign nationals get to enjoy, for starters, a 5-year validity of their visa, which is good for multiple entries. For each entry into Thailand, you can stay up to a year without having to do the requisite borders runs you\u2019d have to do if you held the regular tourist visa.<\/p>\n<p>There are, of course, various benefits from the program that you, as Thailand\u2019s visitor, can enjoy<\/p>\n<div class=\"su-spacer\" style=\"height:40px\"><\/div>\n<h3><strong>The Seven Types of Membership Cards in Thailand Elite<\/strong><\/h3>\n<p>When you sign up for membership in Thailand Elite, you get to choose from four options of membership. These are, specifically:<\/p>\n<div class=\"su-list\" style=\"margin-left:0px\"><div class=\"su-list\" style=\"margin-left:0px\"><\/div>\n<ul>\n<li><img decoding=\"async\" src=\"https:\/\/www.global-solidor.com\/wp-content\/uploads\/2019\/03\/GTG-Logo-512x512-blue.png\" alt=\"\" \/> Elite Ultimate Privilege<\/li>\n<li><img decoding=\"async\" src=\"https:\/\/www.global-solidor.com\/wp-content\/uploads\/2019\/03\/GTG-Logo-512x512-blue.png\" alt=\"\" \/> Elite Privilege Access<\/li>\n<li><img decoding=\"async\" src=\"https:\/\/www.global-solidor.com\/wp-content\/uploads\/2019\/03\/GTG-Logo-512x512-blue.png\" alt=\"\" \/> Elite Easy Access<\/li>\n<li><img decoding=\"async\" src=\"https:\/\/www.global-solidor.com\/wp-content\/uploads\/2019\/03\/GTG-Logo-512x512-blue.png\" alt=\"\" \/> Elite Family Premium<\/li>\n<li><img decoding=\"async\" src=\"https:\/\/www.global-solidor.com\/wp-content\/uploads\/2019\/03\/GTG-Logo-512x512-blue.png\" alt=\"\" \/> Elite Family Alternative<\/li>\n<li><img decoding=\"async\" src=\"https:\/\/www.global-solidor.com\/wp-content\/uploads\/2019\/03\/GTG-Logo-512x512-blue.png\" alt=\"\" \/> Elite Family Excursion<\/li>\n<li><img decoding=\"async\" src=\"https:\/\/www.global-solidor.com\/wp-content\/uploads\/2019\/03\/GTG-Logo-512x512-blue.png\" alt=\"\" \/> Elite Superiority Extension<\/li>\n<\/ul>\n<\/div>\n<p>Each of these cards offer members specific privileges in addition to the 5-year multiple entry visa they get as part of their enrollment to the program.<\/p>\n<a href=\"https:\/\/www.global-solidor.com\/de\/contact-2\/\" class=\"su-button su-button-style-flat\" style=\"color:#fff;background-color:#2D89EF;border-color:#246ec0;border-radius:5px;-moz-border-radius:5px;-webkit-border-radius:5px\" target=\"_blank\" rel=\"noopener noreferrer\"><span style=\"color:#fff;padding:0px 20px;font-size:16px;line-height:32px;border-color:#6cadf4;border-radius:5px;-moz-border-radius:5px;-webkit-border-radius:5px;text-shadow:none;-moz-text-shadow:none;-webkit-text-shadow:none\"> Contact us for more information<\/span><\/a>","protected":false},"excerpt":{"rendered":"<p>Leider ist der Eintrag nur auf Amerikanisches Englisch verf\u00fcgbar. Der Inhalt wird unten in einer verf\u00fcgbaren Sprache angezeigt. Klicken Sie auf den Link, um die aktuelle Sprache zu \u00e4ndern. Thailand Elite Residence Program The Thailand Elite Residence Program offers you the opportunity to obtain a long-term multiple entry visa and affords you the right to [&hellip;]<\/p>\n","protected":false},"author":9,"featured_media":0,"parent":0,"menu_order":0,"comment_status":"closed","ping_status":"closed","template":"","meta":{"_acf_changed":false,"om_disable_all_campaigns":false,"_monsterinsights_skip_tracking":false,"_monsterinsights_sitenote_active":false,"_monsterinsights_sitenote_note":"","_monsterinsights_sitenote_category":0,"_uf_show_specific_survey":0,"_uf_disable_surveys":false,"footnotes":""},"acf":[],"aioseo_notices":[],"yoast_head":"<!-- This site is optimized with the Yoast SEO plugin v19.9 - https:\/\/yoast.com\/wordpress\/plugins\/seo\/ -->\n<title>THAILAND ELITE CARD - RECHTSWESEN | VERSICHERUNGEN | IMMOBILIEN<\/title>\n<meta name=\"robots\" content=\"index, follow, max-snippet:-1, max-image-preview:large, max-video-preview:-1\" \/>\n<link rel=\"canonical\" href=\"https:\/\/www.global-solidor.com\/de\/thailand-elite\/\" \/>\n<meta property=\"og:locale\" content=\"de_DE\" \/>\n<meta property=\"og:type\" content=\"article\" \/>\n<meta property=\"og:title\" content=\"THAILAND ELITE CARD - RECHTSWESEN | VERSICHERUNGEN | IMMOBILIEN\" \/>\n<meta property=\"og:description\" content=\"Leider ist der Eintrag nur auf Amerikanisches Englisch verf\u00fcgbar. Der Inhalt wird unten in einer verf\u00fcgbaren Sprache angezeigt. Klicken Sie auf den Link, um die aktuelle Sprache zu \u00e4ndern. Thailand Elite Residence Program The Thailand Elite Residence Program offers you the opportunity to obtain a long-term multiple entry visa and affords you the right to [&hellip;]\" \/>\n<meta property=\"og:url\" content=\"https:\/\/www.global-solidor.com\/de\/thailand-elite\/\" \/>\n<meta property=\"og:site_name\" content=\"RECHTSWESEN | VERSICHERUNGEN | IMMOBILIEN\" \/>\n<meta property=\"article:publisher\" content=\"https:\/\/www.facebook.com\/globalsolidor\/\" \/>\n<meta property=\"article:modified_time\" content=\"2024-04-11T04:24:08+00:00\" \/>\n<meta name=\"twitter:card\" content=\"summary_large_image\" \/>\n<meta name=\"twitter:label1\" content=\"Gesch\u00e4tzte Lesezeit\" \/>\n\t<meta name=\"twitter:data1\" content=\"6\u00a0Minuten\" \/>\n<script type=\"application\/ld+json\" class=\"yoast-schema-graph\">{\"@context\":\"https:\/\/schema.org\",\"@graph\":[{\"@type\":\"WebPage\",\"@id\":\"https:\/\/www.global-solidor.com\/de\/thailand-elite\/\",\"url\":\"https:\/\/www.global-solidor.com\/de\/thailand-elite\/\",\"name\":\"THAILAND ELITE CARD - RECHTSWESEN | VERSICHERUNGEN | IMMOBILIEN\",\"isPartOf\":{\"@id\":\"https:\/\/www.global-solidor.com\/de\/#website\"},\"datePublished\":\"2024-02-15T10:25:08+00:00\",\"dateModified\":\"2024-04-11T04:24:08+00:00\",\"breadcrumb\":{\"@id\":\"https:\/\/www.global-solidor.com\/de\/thailand-elite\/#breadcrumb\"},\"inLanguage\":\"de\",\"potentialAction\":[{\"@type\":\"ReadAction\",\"target\":[[\"https:\/\/www.global-solidor.com\/de\/thailand-elite\/\"]]}]},{\"@type\":\"BreadcrumbList\",\"@id\":\"https:\/\/www.global-solidor.com\/de\/thailand-elite\/#breadcrumb\",\"itemListElement\":[{\"@type\":\"ListItem\",\"position\":1,\"name\":\"Home\",\"item\":\"https:\/\/www.global-solidor.com\/de\/\"},{\"@type\":\"ListItem\",\"position\":2,\"name\":\"THAILAND ELITE CARD\"}]},{\"@type\":\"WebSite\",\"@id\":\"https:\/\/www.global-solidor.com\/de\/#website\",\"url\":\"https:\/\/www.global-solidor.com\/de\/\",\"name\":\"Real Estate Broker & Consultancy\",\"description\":\"Mitglied der GERMAN-THAI GROUP\",\"publisher\":{\"@id\":\"https:\/\/www.global-solidor.com\/de\/#organization\"},\"potentialAction\":[{\"@type\":\"SearchAction\",\"target\":{\"@type\":\"EntryPoint\",\"urlTemplate\":\"https:\/\/www.global-solidor.com\/de\/?s={search_term_string}\"},\"query-input\":\"required name=search_term_string\"}],\"inLanguage\":\"de\"},{\"@type\":\"Organization\",\"@id\":\"https:\/\/www.global-solidor.com\/de\/#organization\",\"name\":\"Global Solidor Property\",\"url\":\"https:\/\/www.global-solidor.com\/de\/\",\"logo\":{\"@type\":\"ImageObject\",\"inLanguage\":\"de\",\"@id\":\"https:\/\/www.global-solidor.com\/de\/#\/schema\/logo\/image\/\",\"url\":\"https:\/\/www.global-solidor.com\/wp-content\/uploads\/2018\/09\/gse_property_02-04-14_900x138.png\",\"contentUrl\":\"https:\/\/www.global-solidor.com\/wp-content\/uploads\/2018\/09\/gse_property_02-04-14_900x138.png\",\"width\":900,\"height\":138,\"caption\":\"Global Solidor Property\"},\"image\":{\"@id\":\"https:\/\/www.global-solidor.com\/de\/#\/schema\/logo\/image\/\"},\"sameAs\":[\"https:\/\/www.facebook.com\/globalsolidor\/\"]}]}<\/script>\n<!-- \/ Yoast SEO plugin. -->","yoast_head_json":{"title":"THAILAND ELITE CARD - RECHTSWESEN | VERSICHERUNGEN | IMMOBILIEN","robots":{"index":"index","follow":"follow","max-snippet":"max-snippet:-1","max-image-preview":"max-image-preview:large","max-video-preview":"max-video-preview:-1"},"canonical":"https:\/\/www.global-solidor.com\/de\/thailand-elite\/","og_locale":"de_DE","og_type":"article","og_title":"THAILAND ELITE CARD - RECHTSWESEN | VERSICHERUNGEN | IMMOBILIEN","og_description":"Leider ist der Eintrag nur auf Amerikanisches Englisch verf\u00fcgbar. Der Inhalt wird unten in einer verf\u00fcgbaren Sprache angezeigt. Klicken Sie auf den Link, um die aktuelle Sprache zu \u00e4ndern. Thailand Elite Residence Program The Thailand Elite Residence Program offers you the opportunity to obtain a long-term multiple entry visa and affords you the right to [&hellip;]","og_url":"https:\/\/www.global-solidor.com\/de\/thailand-elite\/","og_site_name":"RECHTSWESEN | VERSICHERUNGEN | IMMOBILIEN","article_publisher":"https:\/\/www.facebook.com\/globalsolidor\/","article_modified_time":"2024-04-11T04:24:08+00:00","twitter_card":"summary_large_image","twitter_misc":{"Gesch\u00e4tzte Lesezeit":"6\u00a0Minuten"},"schema":{"@context":"https:\/\/schema.org","@graph":[{"@type":"WebPage","@id":"https:\/\/www.global-solidor.com\/de\/thailand-elite\/","url":"https:\/\/www.global-solidor.com\/de\/thailand-elite\/","name":"THAILAND ELITE CARD - RECHTSWESEN | VERSICHERUNGEN | IMMOBILIEN","isPartOf":{"@id":"https:\/\/www.global-solidor.com\/de\/#website"},"datePublished":"2024-02-15T10:25:08+00:00","dateModified":"2024-04-11T04:24:08+00:00","breadcrumb":{"@id":"https:\/\/www.global-solidor.com\/de\/thailand-elite\/#breadcrumb"},"inLanguage":"de","potentialAction":[{"@type":"ReadAction","target":[["https:\/\/www.global-solidor.com\/de\/thailand-elite\/"]]}]},{"@type":"BreadcrumbList","@id":"https:\/\/www.global-solidor.com\/de\/thailand-elite\/#breadcrumb","itemListElement":[{"@type":"ListItem","position":1,"name":"Home","item":"https:\/\/www.global-solidor.com\/de\/"},{"@type":"ListItem","position":2,"name":"THAILAND ELITE CARD"}]},{"@type":"WebSite","@id":"https:\/\/www.global-solidor.com\/de\/#website","url":"https:\/\/www.global-solidor.com\/de\/","name":"Real Estate Broker & Consultancy","description":"Mitglied der GERMAN-THAI GROUP","publisher":{"@id":"https:\/\/www.global-solidor.com\/de\/#organization"},"potentialAction":[{"@type":"SearchAction","target":{"@type":"EntryPoint","urlTemplate":"https:\/\/www.global-solidor.com\/de\/?s={search_term_string}"},"query-input":"required name=search_term_string"}],"inLanguage":"de"},{"@type":"Organization","@id":"https:\/\/www.global-solidor.com\/de\/#organization","name":"Global Solidor Property","url":"https:\/\/www.global-solidor.com\/de\/","logo":{"@type":"ImageObject","inLanguage":"de","@id":"https:\/\/www.global-solidor.com\/de\/#\/schema\/logo\/image\/","url":"https:\/\/www.global-solidor.com\/wp-content\/uploads\/2018\/09\/gse_property_02-04-14_900x138.png","contentUrl":"https:\/\/www.global-solidor.com\/wp-content\/uploads\/2018\/09\/gse_property_02-04-14_900x138.png","width":900,"height":138,"caption":"Global Solidor Property"},"image":{"@id":"https:\/\/www.global-solidor.com\/de\/#\/schema\/logo\/image\/"},"sameAs":["https:\/\/www.facebook.com\/globalsolidor\/"]}]}},"_links":{"self":[{"href":"https:\/\/www.global-solidor.com\/de\/wp-json\/wp\/v2\/pages\/4493"}],"collection":[{"href":"https:\/\/www.global-solidor.com\/de\/wp-json\/wp\/v2\/pages"}],"about":[{"href":"https:\/\/www.global-solidor.com\/de\/wp-json\/wp\/v2\/types\/page"}],"author":[{"embeddable":true,"href":"https:\/\/www.global-solidor.com\/de\/wp-json\/wp\/v2\/users\/9"}],"replies":[{"embeddable":true,"href":"https:\/\/www.global-solidor.com\/de\/wp-json\/wp\/v2\/comments?post=4493"}],"version-history":[{"count":17,"href":"https:\/\/www.global-solidor.com\/de\/wp-json\/wp\/v2\/pages\/4493\/revisions"}],"predecessor-version":[{"id":4784,"href":"https:\/\/www.global-solidor.com\/de\/wp-json\/wp\/v2\/pages\/4493\/revisions\/4784"}],"wp:attachment":[{"href":"https:\/\/www.global-solidor.com\/de\/wp-json\/wp\/v2\/media?parent=4493"}],"curies":[{"name":"wp","href":"https:\/\/api.w.org\/{rel}","templated":true}]}}