{"id":4505,"date":"2024-02-19T16:39:37","date_gmt":"2024-02-19T09:39:37","guid":{"rendered":"https:\/\/www.global-solidor.com\/?page_id=4505"},"modified":"2024-11-08T16:41:02","modified_gmt":"2024-11-08T09:41:02","slug":"legal-services","status":"publish","type":"page","link":"https:\/\/www.global-solidor.com\/de\/legal-services\/","title":{"rendered":"RECHT &#038; NOTAR"},"content":{"rendered":"<h1>Global Solidor Enterprise &amp; German-Thai Group<\/h1>\n<div class=\"su-spacer\" style=\"height:40px\"><\/div>\n<h3>Global Solidor Enterprise arbeitet in Kooperation mit der German-Thai Group. Zusammen bieten wir eine Vielzahl von Dienstleistungen an. Unter anderem Rechtsberatung, Rechtsbeistand, Buchhaltungs- &amp; Visums Angelegenheiten, sowie beglaubigte \u00dcbersetzungen. Unser kompetentes Team besteht aus Rechtsanw\u00e4lten und Beratern mit vielen Jahren Erfahrungen. Wir bieten eine umfassende Beratung in allen Rechtsangelegenheiten.<\/h3>\n<div class=\"su-spacer\" style=\"height:60px\"><\/div>\n<h4>Unsere Dienstleistungen:<\/h4>\n<div class=\"su-spacer\" style=\"height:20px\"><\/div>\n<div class=\"su-row\">\n<div class=\"su-column su-column-size-1-2\"><div class=\"su-column-inner su-u-clearfix su-u-trim\">\n<div class=\"su-service\"><div class=\"su-service-title\" style=\"padding-left:46px;min-height:32px;line-height:32px\"><i class=\"sui sui-legal\" style=\"font-size:32px;color:#333\"><\/i> Straf- &amp; Zivilrecht<\/div><div class=\"su-service-content su-u-clearfix su-u-trim\" style=\"padding-left:46px\">\nUnser Ziel ist es unsere Klientel \u00fcber ihre gesetzlichen Rechte zu informieren. Wir sind in der Lage, Sie in Straf-, Gesellschafts- und Zivilrechtsverfahren zu vertreten. Unsere Anw\u00e4lte bieten Rechtsbeistand an und kl\u00e4ren Sie \u00fcber alle Ihre rechtlichen Verantwortlichkeiten auf. Mit mehr als 30 Jahren Erfahrung k\u00f6nnen unsere Berater und Rechtsanw\u00e4lte Sie in allen rechtlichen Angelegenheiten begleiten.<br \/>\n<\/div><\/div>\n<\/div><\/div>\n<div class=\"su-column su-column-size-1-2\"><div class=\"su-column-inner su-u-clearfix su-u-trim\">\n<div class=\"su-service\"><div class=\"su-service-title\" style=\"padding-left:46px;min-height:32px;line-height:32px\"><i class=\"sui sui-community\" style=\"font-size:32px;color:#333\"><\/i> Familienrecht<\/div><div class=\"su-service-content su-u-clearfix su-u-trim\" style=\"padding-left:46px\">\nDas Familienrecht deckt Angelegenheiten wie Heirat, Ehescheidungen, Kindergeld &amp; Sorgerecht, Vererbungen usw. ab. Unsere Rechtsanw\u00e4lte k\u00f6nnen Sie umfassend \u00fcber das Thail\u00e4ndische Familienrecht aufkl\u00e4ren. Wir beraten Sie auch gerne in verbundenen Angelegenheiten wie G\u00fcterrecht und Verm\u00f6gensauseinandersetzung. Wir sind in der Lage, Ihnen bei allen familienrechtlichen Fragen, Vorschriften und Verfahren in ganz Thailand behilflich zu sein.<br \/>\n<\/div><\/div>\n<\/div><\/div>\n<\/div>\n<div class=\"su-row\">\n<div class=\"su-column su-column-size-1-2\"><div class=\"su-column-inner su-u-clearfix su-u-trim\">\n<div class=\"su-service\"><div class=\"su-service-title\" style=\"padding-left:46px;min-height:32px;line-height:32px\"><i class=\"sui sui-balance-scale\" style=\"font-size:32px;color:#333\"><\/i> Testament &amp; Nachlassabwicklung<\/div><div class=\"su-service-content su-u-clearfix su-u-trim\" style=\"padding-left:46px\">\nNat\u00fcrlich ist der Tod ein unangenehmer Gedanke. Trotzdem empfehlen wir, dass Sie ein Testament vorbereitet haben. So k\u00f6nnen Sie vermeiden, dass Ihre Familie und Ihre Angeh\u00f6rigen nach Ihrem Tod zus\u00e4tzlichen Stress ausgesetzt sind. Wir sind in der Lage, Testamente vorzubereiten und zu verfassen, um sicherzustellen, dass Ihr Verm\u00f6gen an Ihre gew\u00e4hlten Beg\u00fcnstigten geht. Das Erbrecht bestimmt die Verteilung des Verm\u00f6gens einer Person nach Ihrem Tod. Dies wird wirksam, wenn kein Testament oder letzter Wille vorliegt oder ung\u00fcltig ist.<br \/>\n<\/div><\/div>\n<\/div><\/div>\n<div class=\"su-column su-column-size-1-2\"><div class=\"su-column-inner su-u-clearfix su-u-trim\">\n<div class=\"su-service\"><div class=\"su-service-title\" style=\"padding-left:46px;min-height:32px;line-height:32px\"><i class=\"sui sui-money\" style=\"font-size:32px;color:#333\"><\/i> Pension &amp; Rente<\/div><div class=\"su-service-content su-u-clearfix su-u-trim\" style=\"padding-left:46px\">\nIm Ruhestand m\u00fcssen die meisten von uns wichtige Entscheidungen \u00fcber die Form ihres laufenden Einkommens treffen. Unsere Berater k\u00f6nnen Ihnen verschiedene Rentenoptionen vorstellen. Wir beantworten Ihnen alle Fragen im Zusammenhang mit Ihrem Ruhestand hier in Thailand.<br \/>\n<\/div><\/div>\n<\/div><\/div>\n<\/div>\n<div class=\"su-row\">\n<div class=\"su-column su-column-size-1-2\"><div class=\"su-column-inner su-u-clearfix su-u-trim\">\n<div class=\"su-service\"><div class=\"su-service-title\" style=\"padding-left:46px;min-height:32px;line-height:32px\"><i class=\"sui sui-mortar-board\" style=\"font-size:32px;color:#333\"><\/i> Notariellen Dienstleistungen<\/div><div class=\"su-service-content su-u-clearfix su-u-trim\" style=\"padding-left:46px\">\nUnsere notariellen Dienstleistungen reichen von der Beglaubigung von Dokumenten bis zur Verwaltung von Eiden und Best\u00e4tigungen. Wir bearbeiten eidesstattliche Erkl\u00e4rungen und k\u00f6nnen die Vollstreckung bestimmter Dokumente beglaubigen lassen. Wir beglaubigen auch die meisten Arten von pers\u00f6nlichen und gesch\u00e4ftlichen Dokumenten.<br \/>\n<\/div><\/div>\n<\/div><\/div>\n<div class=\"su-column su-column-size-1-2\"><div class=\"su-column-inner su-u-clearfix su-u-trim\">\n<div class=\"su-service\"><div class=\"su-service-title\" style=\"padding-left:46px;min-height:32px;line-height:32px\"><i class=\"sui sui-file-text-o\" style=\"font-size:32px;color:#333\"><\/i> Vertragsentw\u00fcrfe<\/div><div class=\"su-service-content su-u-clearfix su-u-trim\" style=\"padding-left:46px\">\nEin schriftlicher Vertrag gibt beiden Parteien Sicherheit. Angelegenheiten wie Materialien, Fristen, Zahlungen oder ein Verfahren, das im Streitfall einzuhalten ist, k\u00f6nnen alle in einem Vertrag festgelegt werden. Es hilft Risiken zu reduzieren, da es viel sicherer ist etwas schriftlich festzuhalten, als sich auf das Wort eines anderen zu verlassen. Ein schriftlicher Vertrag gibt Ihnen mehr Sicherheit und minimiert Ihre Gesch\u00e4ftsrisiken, indem die Vereinbarung von Anfang an klargestellt wird.<br \/>\n<\/div><\/div>\n<\/div><\/div>\n<\/div>\n<div class=\"su-row\">\n<div class=\"su-column su-column-size-1-2\"><div class=\"su-column-inner su-u-clearfix su-u-trim\">\n<div class=\"su-service\"><div class=\"su-service-title\" style=\"padding-left:46px;min-height:32px;line-height:32px\"><i class=\"sui sui-suitcase\" style=\"font-size:32px;color:#333\"><\/i> Unternehmensberatung<\/div><div class=\"su-service-content su-u-clearfix su-u-trim\" style=\"padding-left:46px\">\nWir arbeiten mit unseren Kunden an Strategie, Planung und Probleml\u00f6sung und helfen bei der Entwicklung von Gesch\u00e4ftsf\u00e4higkeiten und -kenntnissen. Diese Themen k\u00f6nnen vom Entwerfen eines Gesch\u00e4ftsmodells bis zur Erstellung eines Marketingplans reichen. Dar\u00fcber hinaus legen wir fest, wie und welche Marketingtechniken eingesetzt werden sollten. Wir helfen unseren Kunden h\u00e4ufig dabei, Projekte zu planen und umzusetzen.<br \/>\n<\/div><\/div>\n<\/div><\/div>\n<div class=\"su-column su-column-size-1-2\"><div class=\"su-column-inner su-u-clearfix su-u-trim\">\n<div class=\"su-service\"><div class=\"su-service-title\" style=\"padding-left:46px;min-height:32px;line-height:32px\"><i class=\"sui sui-calculator\" style=\"font-size:32px;color:#333\"><\/i> Buchhaltung<\/div><div class=\"su-service-content su-u-clearfix su-u-trim\" style=\"padding-left:46px\">\nUnser Buchhaltungsteam besteht aus ausgebildeten Steuerberatern und Wirtschaftspr\u00fcfern. Wir k\u00f6nnen Ihre monatlichen Steuerberichte bearbeiten, welche nach thail\u00e4ndischem Recht vorgeschrieben sind. Wir sind auch in der Lage, eine Halbjahresbilanz und Ihren Jahresabschluss zu erstellen. Unser Team steht Ihnen bei Steuerpr\u00fcfungen durch das thail\u00e4ndische Finanzministerium zur Seite.<\/div><\/div>\n<\/div><\/div>\n<\/div>\n<div class=\"su-row\">\n<div class=\"su-column su-column-size-1-2\"><div class=\"su-column-inner su-u-clearfix su-u-trim\">\n<div class=\"su-service\"><div class=\"su-service-title\" style=\"padding-left:46px;min-height:32px;line-height:32px\"><i class=\"sui sui-plane\" style=\"font-size:32px;color:#333\"><\/i> Visa Angelegenheiten<\/div><div class=\"su-service-content su-u-clearfix su-u-trim\" style=\"padding-left:46px\">\nWir sind in der Lage, einen detaillierten Visumsantrag zu erstellen und alle relevanten Dokumente zu bearbeiten. Auch helfen wir bei Visa f\u00fcr die Ehe und Familienzusammenf\u00fchrungen. Unsere Berater beantworten Ihre Fragen zum Ruhestand in Thailand und den damit verbundenen Visa. Dar\u00fcber hinaus k\u00f6nnen wir Ihnen bei der Beantragung vom Non-Immigrant-B-Visa f\u00fcr gesch\u00e4ftliche Zwecke behilflich sein. Wir bearbeiten alle erforderlichen Unterlagen f\u00fcr Ihren Visumsantrag. Dies beinhaltet die beglaubigte \u00dcbersetzung und Beglaubigung der erforderlichen Papiere und Unterlagen. Wir zeigen Ihnen dann, wie Sie Ihren Visumsantrag bei den zust\u00e4ndigen Botschaften einreichen k\u00f6nnen.<br \/>\n<\/div><\/div>\n<\/div><\/div>\n<div class=\"su-column su-column-size-1-2\"><div class=\"su-column-inner su-u-clearfix su-u-trim\">\n<div class=\"su-service\"><div class=\"su-service-title\" style=\"padding-left:46px;min-height:32px;line-height:32px\"><img loading=\"lazy\" decoding=\"async\" src=\"https:\/\/www.global-solidor.com\/wp-content\/uploads\/2024\/03\/translation_512.png\" width=\"32\" height=\"32\" alt=\"Beglaubigte \u00dcbersetzungen\" style=\"width:32px;height:32px\" \/> Beglaubigte \u00dcbersetzungen<\/div><div class=\"su-service-content su-u-clearfix su-u-trim\" style=\"padding-left:46px\">\nWir k\u00f6nnen zertifizierte \u00dcbersetzungen f\u00fcr die meisten rechtlichen und pers\u00f6nlichen Dokumente erstellen. Unsere \u00dcbersetzungen sind beglaubigt und tragen einen Stempel, um Genauigkeit und Authentizit\u00e4t zu gew\u00e4hrleisten. Wir bieten derzeit \u00dcbersetzungen f\u00fcr &#8222;Thai&#8220;, &#8222;Deutsch&#8220; und &#8222;Englisch&#8220; an.<br \/>\n<\/div><\/div>\n<\/div><\/div>\n<\/div>\n<div class=\"su-spacer\" style=\"height:80px\"><\/div>\n<div class=\"su-button-center\"><a href=\"tel:+6638427365\" class=\"su-button su-button-style-default\" style=\"color:#FFFFFF;background-color:#2D89EF;border-color:#246ec0;border-radius:18px;-moz-border-radius:18px;-webkit-border-radius:18px\" target=\"_blank\" rel=\"noopener noreferrer\"><span style=\"color:#FFFFFF;padding:12px 42px;font-size:30px;line-height:45px;border-color:#6cadf4;border-radius:18px;-moz-border-radius:18px;-webkit-border-radius:18px;text-shadow:none;-moz-text-shadow:none;-webkit-text-shadow:none\"><i class=\"sui sui-phone\" style=\"font-size:30px;color:#FFFFFF\"><\/i> +66 (0) 38 427 365<\/span><\/a><\/div>\n<div class=\"su-spacer\" style=\"height:80px\"><\/div>","protected":false},"excerpt":{"rendered":"<p>Global Solidor Enterprise &amp; German-Thai Group Global Solidor Enterprise arbeitet in Kooperation mit der German-Thai Group. Zusammen bieten wir eine Vielzahl von Dienstleistungen an. Unter anderem Rechtsberatung, Rechtsbeistand, Buchhaltungs- &amp; Visums Angelegenheiten, sowie beglaubigte \u00dcbersetzungen. Unser kompetentes Team besteht aus Rechtsanw\u00e4lten und Beratern mit vielen Jahren Erfahrungen. Wir bieten eine umfassende Beratung in allen Rechtsangelegenheiten. [&hellip;]<\/p>\n","protected":false},"author":9,"featured_media":0,"parent":0,"menu_order":0,"comment_status":"closed","ping_status":"closed","template":"","meta":{"_acf_changed":false,"om_disable_all_campaigns":false,"_monsterinsights_skip_tracking":false,"_monsterinsights_sitenote_active":false,"_monsterinsights_sitenote_note":"","_monsterinsights_sitenote_category":0,"_uf_show_specific_survey":0,"_uf_disable_surveys":false,"footnotes":""},"acf":[],"aioseo_notices":[],"yoast_head":"<!-- This site is optimized with the Yoast SEO plugin v19.9 - https:\/\/yoast.com\/wordpress\/plugins\/seo\/ -->\n<title>Legal Services &amp; Public Notary - Global Solidor Enterprise<\/title>\n<meta name=\"description\" content=\"Global Solidor Enterprise works in cooperation with the German-Thai Group. In effect we provide a vast array of legal services.\" \/>\n<meta name=\"robots\" content=\"noindex, follow\" \/>\n<meta property=\"og:locale\" content=\"de_DE\" \/>\n<meta property=\"og:type\" content=\"article\" \/>\n<meta property=\"og:title\" content=\"Legal Services &amp; Public Notary - Global Solidor Enterprise\" \/>\n<meta property=\"og:description\" content=\"Global Solidor Enterprise works in cooperation with the German-Thai Group. In effect we provide a vast array of legal services.\" \/>\n<meta property=\"og:url\" content=\"https:\/\/www.global-solidor.com\/de\/legal-services\/\" \/>\n<meta property=\"og:site_name\" content=\"RECHTSWESEN | VERSICHERUNGEN | IMMOBILIEN\" \/>\n<meta property=\"article:publisher\" content=\"https:\/\/www.facebook.com\/globalsolidor\/\" \/>\n<meta property=\"article:modified_time\" content=\"2024-11-08T09:41:02+00:00\" \/>\n<meta name=\"twitter:card\" content=\"summary_large_image\" \/>\n<meta name=\"twitter:label1\" content=\"Gesch\u00e4tzte Lesezeit\" \/>\n\t<meta name=\"twitter:data1\" content=\"13\u00a0Minuten\" \/>\n<script type=\"application\/ld+json\" class=\"yoast-schema-graph\">{\"@context\":\"https:\/\/schema.org\",\"@graph\":[{\"@type\":\"WebPage\",\"@id\":\"https:\/\/www.global-solidor.com\/de\/legal-services\/\",\"url\":\"https:\/\/www.global-solidor.com\/de\/legal-services\/\",\"name\":\"Legal Services & Public Notary - Global Solidor Enterprise\",\"isPartOf\":{\"@id\":\"https:\/\/www.global-solidor.com\/de\/#website\"},\"datePublished\":\"2024-02-19T09:39:37+00:00\",\"dateModified\":\"2024-11-08T09:41:02+00:00\",\"description\":\"Global Solidor Enterprise works in cooperation with the German-Thai Group. In effect we provide a vast array of legal services.\",\"breadcrumb\":{\"@id\":\"https:\/\/www.global-solidor.com\/de\/legal-services\/#breadcrumb\"},\"inLanguage\":\"de\",\"potentialAction\":[{\"@type\":\"ReadAction\",\"target\":[[\"https:\/\/www.global-solidor.com\/de\/legal-services\/\"]]}]},{\"@type\":\"BreadcrumbList\",\"@id\":\"https:\/\/www.global-solidor.com\/de\/legal-services\/#breadcrumb\",\"itemListElement\":[{\"@type\":\"ListItem\",\"position\":1,\"name\":\"Home\",\"item\":\"https:\/\/www.global-solidor.com\/de\/\"},{\"@type\":\"ListItem\",\"position\":2,\"name\":\"LEGAL &#038; NOTARY\"}]},{\"@type\":\"WebSite\",\"@id\":\"https:\/\/www.global-solidor.com\/de\/#website\",\"url\":\"https:\/\/www.global-solidor.com\/de\/\",\"name\":\"Real Estate Broker & Consultancy\",\"description\":\"Mitglied der GERMAN-THAI GROUP\",\"publisher\":{\"@id\":\"https:\/\/www.global-solidor.com\/de\/#organization\"},\"potentialAction\":[{\"@type\":\"SearchAction\",\"target\":{\"@type\":\"EntryPoint\",\"urlTemplate\":\"https:\/\/www.global-solidor.com\/de\/?s={search_term_string}\"},\"query-input\":\"required name=search_term_string\"}],\"inLanguage\":\"de\"},{\"@type\":\"Organization\",\"@id\":\"https:\/\/www.global-solidor.com\/de\/#organization\",\"name\":\"Global Solidor Property\",\"url\":\"https:\/\/www.global-solidor.com\/de\/\",\"logo\":{\"@type\":\"ImageObject\",\"inLanguage\":\"de\",\"@id\":\"https:\/\/www.global-solidor.com\/de\/#\/schema\/logo\/image\/\",\"url\":\"https:\/\/www.global-solidor.com\/wp-content\/uploads\/2018\/09\/gse_property_02-04-14_900x138.png\",\"contentUrl\":\"https:\/\/www.global-solidor.com\/wp-content\/uploads\/2018\/09\/gse_property_02-04-14_900x138.png\",\"width\":900,\"height\":138,\"caption\":\"Global Solidor Property\"},\"image\":{\"@id\":\"https:\/\/www.global-solidor.com\/de\/#\/schema\/logo\/image\/\"},\"sameAs\":[\"https:\/\/www.facebook.com\/globalsolidor\/\"]}]}<\/script>\n<!-- \/ Yoast SEO plugin. -->","yoast_head_json":{"title":"Legal Services & Public Notary - Global Solidor Enterprise","description":"Global Solidor Enterprise works in cooperation with the German-Thai Group. In effect we provide a vast array of legal services.","robots":{"index":"noindex","follow":"follow"},"og_locale":"de_DE","og_type":"article","og_title":"Legal Services & Public Notary - Global Solidor Enterprise","og_description":"Global Solidor Enterprise works in cooperation with the German-Thai Group. In effect we provide a vast array of legal services.","og_url":"https:\/\/www.global-solidor.com\/de\/legal-services\/","og_site_name":"RECHTSWESEN | VERSICHERUNGEN | IMMOBILIEN","article_publisher":"https:\/\/www.facebook.com\/globalsolidor\/","article_modified_time":"2024-11-08T09:41:02+00:00","twitter_card":"summary_large_image","twitter_misc":{"Gesch\u00e4tzte Lesezeit":"13\u00a0Minuten"},"schema":{"@context":"https:\/\/schema.org","@graph":[{"@type":"WebPage","@id":"https:\/\/www.global-solidor.com\/de\/legal-services\/","url":"https:\/\/www.global-solidor.com\/de\/legal-services\/","name":"Legal Services & Public Notary - Global Solidor Enterprise","isPartOf":{"@id":"https:\/\/www.global-solidor.com\/de\/#website"},"datePublished":"2024-02-19T09:39:37+00:00","dateModified":"2024-11-08T09:41:02+00:00","description":"Global Solidor Enterprise works in cooperation with the German-Thai Group. In effect we provide a vast array of legal services.","breadcrumb":{"@id":"https:\/\/www.global-solidor.com\/de\/legal-services\/#breadcrumb"},"inLanguage":"de","potentialAction":[{"@type":"ReadAction","target":[["https:\/\/www.global-solidor.com\/de\/legal-services\/"]]}]},{"@type":"BreadcrumbList","@id":"https:\/\/www.global-solidor.com\/de\/legal-services\/#breadcrumb","itemListElement":[{"@type":"ListItem","position":1,"name":"Home","item":"https:\/\/www.global-solidor.com\/de\/"},{"@type":"ListItem","position":2,"name":"LEGAL &#038; NOTARY"}]},{"@type":"WebSite","@id":"https:\/\/www.global-solidor.com\/de\/#website","url":"https:\/\/www.global-solidor.com\/de\/","name":"Real Estate Broker & Consultancy","description":"Mitglied der GERMAN-THAI GROUP","publisher":{"@id":"https:\/\/www.global-solidor.com\/de\/#organization"},"potentialAction":[{"@type":"SearchAction","target":{"@type":"EntryPoint","urlTemplate":"https:\/\/www.global-solidor.com\/de\/?s={search_term_string}"},"query-input":"required name=search_term_string"}],"inLanguage":"de"},{"@type":"Organization","@id":"https:\/\/www.global-solidor.com\/de\/#organization","name":"Global Solidor Property","url":"https:\/\/www.global-solidor.com\/de\/","logo":{"@type":"ImageObject","inLanguage":"de","@id":"https:\/\/www.global-solidor.com\/de\/#\/schema\/logo\/image\/","url":"https:\/\/www.global-solidor.com\/wp-content\/uploads\/2018\/09\/gse_property_02-04-14_900x138.png","contentUrl":"https:\/\/www.global-solidor.com\/wp-content\/uploads\/2018\/09\/gse_property_02-04-14_900x138.png","width":900,"height":138,"caption":"Global Solidor Property"},"image":{"@id":"https:\/\/www.global-solidor.com\/de\/#\/schema\/logo\/image\/"},"sameAs":["https:\/\/www.facebook.com\/globalsolidor\/"]}]}},"_links":{"self":[{"href":"https:\/\/www.global-solidor.com\/de\/wp-json\/wp\/v2\/pages\/4505"}],"collection":[{"href":"https:\/\/www.global-solidor.com\/de\/wp-json\/wp\/v2\/pages"}],"about":[{"href":"https:\/\/www.global-solidor.com\/de\/wp-json\/wp\/v2\/types\/page"}],"author":[{"embeddable":true,"href":"https:\/\/www.global-solidor.com\/de\/wp-json\/wp\/v2\/users\/9"}],"replies":[{"embeddable":true,"href":"https:\/\/www.global-solidor.com\/de\/wp-json\/wp\/v2\/comments?post=4505"}],"version-history":[{"count":8,"href":"https:\/\/www.global-solidor.com\/de\/wp-json\/wp\/v2\/pages\/4505\/revisions"}],"predecessor-version":[{"id":4708,"href":"https:\/\/www.global-solidor.com\/de\/wp-json\/wp\/v2\/pages\/4505\/revisions\/4708"}],"wp:attachment":[{"href":"https:\/\/www.global-solidor.com\/de\/wp-json\/wp\/v2\/media?parent=4505"}],"curies":[{"name":"wp","href":"https:\/\/api.w.org\/{rel}","templated":true}]}}